{"id":1588,"date":"2022-11-03T19:27:29","date_gmt":"2022-11-03T17:27:29","guid":{"rendered":"https:\/\/themes.dynamiclayers.net\/neobiz-importer\/our-partners-copy\/"},"modified":"2025-01-22T19:32:20","modified_gmt":"2025-01-22T17:32:20","slug":"socios","status":"publish","type":"page","link":"https:\/\/inputforyou.com\/es\/partners\/","title":{"rendered":"Socios"},"content":{"rendered":"<div data-elementor-type=\"wp-page\" data-elementor-id=\"1588\" class=\"elementor elementor-1588\">\n\t\t\t\t\t\t<section class=\"elementor-section elementor-top-section elementor-element elementor-element-db46b60 elementor-section-full_width elementor-section-height-default elementor-section-height-default\" data-id=\"db46b60\" data-element_type=\"section\" data-e-type=\"section\" data-settings=\"{&quot;background_background&quot;:&quot;classic&quot;,&quot;sticky_logo_enable&quot;:&quot;no&quot;}\">\n\t\t\t\t\t\t<div class=\"elementor-container elementor-column-gap-no\">\n\t\t\t\t\t<div class=\"elementor-column elementor-col-100 elementor-top-column elementor-element elementor-element-2ee486b\" data-id=\"2ee486b\" data-element_type=\"column\" data-e-type=\"column\">\n\t\t\t<div class=\"elementor-widget-wrap elementor-element-populated\">\n\t\t\t\t\t\t<div class=\"elementor-element elementor-element-11a4247 align-left elementor-widget elementor-widget-neobiz-page-header\" data-id=\"11a4247\" data-element_type=\"widget\" data-e-type=\"widget\" data-widget_type=\"neobiz-page-header.default\">\n\t\t\t\t<div class=\"elementor-widget-container\">\n\t\t\t\t\t        <div class=\"el-page-header\">\r\n           <div class=\"overlay\"><\/div>            <div class=\"container\">\r\n                <div class=\"el-page-content\">\r\n                                        <h3 class=\"sub-title\">Socios<\/h3>\r\n                                                                                        <h2 class=\"title\">Nuestros socios colaboran con nosotros para ofrecer valor digital a nuestros clientes.<\/h2>\r\n                                                                                <\/div>\r\n                            <\/div>\r\n        <\/div>\r\n        \t\t\t\t<\/div>\n\t\t\t\t<\/div>\n\t\t\t\t\t<\/div>\n\t\t<\/div>\n\t\t\t\t\t<\/div>\n\t\t<\/section>\n\t\t\t\t<section class=\"elementor-section elementor-top-section elementor-element elementor-element-d53829a elementor-section-boxed elementor-section-height-default elementor-section-height-default\" data-id=\"d53829a\" data-element_type=\"section\" data-e-type=\"section\" data-settings=\"{&quot;background_background&quot;:&quot;classic&quot;,&quot;sticky_logo_enable&quot;:&quot;no&quot;}\">\n\t\t\t\t\t\t<div class=\"elementor-container elementor-column-gap-default\">\n\t\t\t\t\t<div class=\"elementor-column elementor-col-100 elementor-top-column elementor-element elementor-element-cd08d0d\" data-id=\"cd08d0d\" data-element_type=\"column\" data-e-type=\"column\">\n\t\t\t<div class=\"elementor-widget-wrap elementor-element-populated\">\n\t\t\t\t\t\t<div class=\"elementor-element elementor-element-e798f12 elementor-widget elementor-widget-text-editor\" data-id=\"e798f12\" data-element_type=\"widget\" data-e-type=\"widget\" data-widget_type=\"text-editor.default\">\n\t\t\t\t<div class=\"elementor-widget-container\">\n\t\t\t\t\t\t\t\t\t<p>Input For You trabaja con socios tanto para <strong>Soluciones DMS o ECM<\/strong> e integraci\u00f3n de aplicaciones. Al combinar nuestras soluciones de digitalizaci\u00f3n y reconocimiento de caracteres de \u00faltima generaci\u00f3n con <strong>tecnolog\u00eda punta<\/strong> de nuestros socios, creamos un <strong>ecosistema \u00fanico de desmaterializaci\u00f3n<\/strong>.<\/p><p>Trabajar con socios nos permite encontrar <strong>soluciones integrales<\/strong> para cualquier reto de desmaterializaci\u00f3n del mercado. Si desea explorar las posibilidades de una relaci\u00f3n beneficiosa para ambas partes, piense en asociarse con Input For You. Siempre estamos buscando <strong>socios innovadores<\/strong> que puedan ofrecer servicios o tecnolog\u00eda complementarios.<\/p>\t\t\t\t\t\t\t\t<\/div>\n\t\t\t\t<\/div>\n\t\t<div class=\"elementor-element elementor-element-0bd9450 e-flex e-con-boxed e-con e-parent\" data-id=\"0bd9450\" data-element_type=\"container\" data-e-type=\"container\" data-settings=\"{&quot;sticky_logo_enable&quot;:&quot;no&quot;}\">\n\t\t\t\t\t<div class=\"e-con-inner\">\n\t\t<div class=\"elementor-element elementor-element-e798cb9 e-con-full e-flex e-con e-child\" data-id=\"e798cb9\" data-element_type=\"container\" data-e-type=\"container\" data-settings=\"{&quot;background_background&quot;:&quot;classic&quot;,&quot;sticky_logo_enable&quot;:&quot;no&quot;}\">\n\t\t\t\t<div class=\"elementor-element elementor-element-24f34ad elementor-widget elementor-widget-image\" data-id=\"24f34ad\" data-element_type=\"widget\" data-e-type=\"widget\" data-widget_type=\"image.default\">\n\t\t\t\t<div class=\"elementor-widget-container\">\n\t\t\t\t\t\t\t\t\t\t\t\t\t\t\t\t<a href=\"https:\/\/contract.fit\/\" target=\"_blank\">\n\t\t\t\t\t\t\t<img fetchpriority=\"high\" decoding=\"async\" width=\"351\" height=\"150\" src=\"https:\/\/inputforyou.com\/wp-content\/uploads\/2025\/01\/Screenshot-1126.jpg\" class=\"attachment-neobiz-h-720x360 size-neobiz-h-720x360 wp-image-4024\" alt=\"\" srcset=\"https:\/\/inputforyou.com\/wp-content\/uploads\/2025\/01\/Screenshot-1126.jpg 351w, https:\/\/inputforyou.com\/wp-content\/uploads\/2025\/01\/Screenshot-1126-300x128.jpg 300w, https:\/\/inputforyou.com\/wp-content\/uploads\/2025\/01\/Screenshot-1126-18x8.jpg 18w\" sizes=\"(max-width: 351px) 100vw, 351px\" \/>\t\t\t\t\t\t\t\t<\/a>\n\t\t\t\t\t\t\t\t\t\t\t\t\t\t\t<\/div>\n\t\t\t\t<\/div>\n\t\t\t\t<\/div>\n\t\t<div class=\"elementor-element elementor-element-46a5432 e-con-full e-flex e-con e-child\" data-id=\"46a5432\" data-element_type=\"container\" data-e-type=\"container\" data-settings=\"{&quot;background_background&quot;:&quot;classic&quot;,&quot;sticky_logo_enable&quot;:&quot;no&quot;}\">\n\t\t\t\t<div class=\"elementor-element elementor-element-192172d elementor-widget elementor-widget-image\" data-id=\"192172d\" data-element_type=\"widget\" data-e-type=\"widget\" data-widget_type=\"image.default\">\n\t\t\t\t<div class=\"elementor-widget-container\">\n\t\t\t\t\t\t\t\t\t\t\t\t\t\t\t\t<a href=\"https:\/\/www.diasbytes.com\/\" target=\"_blank\">\n\t\t\t\t\t\t\t<img decoding=\"async\" width=\"1361\" height=\"251\" src=\"https:\/\/inputforyou.com\/wp-content\/uploads\/2021\/06\/DIASBYTES_logo_RGB.png\" class=\"attachment-full size-full wp-image-1752\" alt=\"\" srcset=\"https:\/\/inputforyou.com\/wp-content\/uploads\/2021\/06\/DIASBYTES_logo_RGB.png 1361w, https:\/\/inputforyou.com\/wp-content\/uploads\/2021\/06\/DIASBYTES_logo_RGB-300x55.png 300w, https:\/\/inputforyou.com\/wp-content\/uploads\/2021\/06\/DIASBYTES_logo_RGB-1024x189.png 1024w, https:\/\/inputforyou.com\/wp-content\/uploads\/2021\/06\/DIASBYTES_logo_RGB-768x142.png 768w\" sizes=\"(max-width: 1361px) 100vw, 1361px\" \/>\t\t\t\t\t\t\t\t<\/a>\n\t\t\t\t\t\t\t\t\t\t\t\t\t\t\t<\/div>\n\t\t\t\t<\/div>\n\t\t\t\t<\/div>\n\t\t<div class=\"elementor-element elementor-element-0ae10d0 e-con-full e-flex e-con e-child\" data-id=\"0ae10d0\" data-element_type=\"container\" data-e-type=\"container\" data-settings=\"{&quot;background_background&quot;:&quot;classic&quot;,&quot;sticky_logo_enable&quot;:&quot;no&quot;}\">\n\t\t\t\t<div class=\"elementor-element elementor-element-2a41b6a elementor-widget elementor-widget-image\" data-id=\"2a41b6a\" data-element_type=\"widget\" data-e-type=\"widget\" data-widget_type=\"image.default\">\n\t\t\t\t<div class=\"elementor-widget-container\">\n\t\t\t\t\t\t\t\t\t\t\t\t\t\t\t\t<a href=\"https:\/\/www.paperbox.ai\/\" target=\"_blank\">\n\t\t\t\t\t\t\t<img decoding=\"async\" width=\"927\" height=\"180\" src=\"https:\/\/inputforyou.com\/wp-content\/uploads\/2021\/06\/paperbox-logo-dark.png\" class=\"attachment-full size-full wp-image-1773\" alt=\"\" srcset=\"https:\/\/inputforyou.com\/wp-content\/uploads\/2021\/06\/paperbox-logo-dark.png 927w, https:\/\/inputforyou.com\/wp-content\/uploads\/2021\/06\/paperbox-logo-dark-300x58.png 300w, https:\/\/inputforyou.com\/wp-content\/uploads\/2021\/06\/paperbox-logo-dark-768x149.png 768w\" sizes=\"(max-width: 927px) 100vw, 927px\" \/>\t\t\t\t\t\t\t\t<\/a>\n\t\t\t\t\t\t\t\t\t\t\t\t\t\t\t<\/div>\n\t\t\t\t<\/div>\n\t\t\t\t<\/div>\n\t\t\t\t\t<\/div>\n\t\t\t\t<\/div>\n\t\t<div class=\"elementor-element elementor-element-c008400 e-flex e-con-boxed e-con e-parent\" data-id=\"c008400\" data-element_type=\"container\" data-e-type=\"container\" data-settings=\"{&quot;sticky_logo_enable&quot;:&quot;no&quot;}\">\n\t\t\t\t\t<div class=\"e-con-inner\">\n\t\t<div class=\"elementor-element elementor-element-75ab25d e-con-full e-flex e-con e-child\" data-id=\"75ab25d\" data-element_type=\"container\" data-e-type=\"container\" data-settings=\"{&quot;sticky_logo_enable&quot;:&quot;no&quot;}\">\n\t\t\t\t<div class=\"elementor-element elementor-element-f3e8f68 elementor-widget elementor-widget-image\" data-id=\"f3e8f68\" data-element_type=\"widget\" data-e-type=\"widget\" data-widget_type=\"image.default\">\n\t\t\t\t<div class=\"elementor-widget-container\">\n\t\t\t\t\t\t\t\t\t\t\t\t\t\t\t\t<a href=\"https:\/\/docs.app.metamaze.eu\/\" target=\"_blank\">\n\t\t\t\t\t\t\t<img loading=\"lazy\" decoding=\"async\" width=\"359\" height=\"140\" src=\"https:\/\/inputforyou.com\/wp-content\/uploads\/2023\/08\/download.png\" class=\"attachment-large size-large wp-image-2802\" alt=\"\" srcset=\"https:\/\/inputforyou.com\/wp-content\/uploads\/2023\/08\/download.png 359w, https:\/\/inputforyou.com\/wp-content\/uploads\/2023\/08\/download-300x117.png 300w, https:\/\/inputforyou.com\/wp-content\/uploads\/2023\/08\/download-18x7.png 18w\" sizes=\"(max-width: 359px) 100vw, 359px\" \/>\t\t\t\t\t\t\t\t<\/a>\n\t\t\t\t\t\t\t\t\t\t\t\t\t\t\t<\/div>\n\t\t\t\t<\/div>\n\t\t\t\t<\/div>\n\t\t<div class=\"elementor-element elementor-element-47ae7ef e-con-full e-flex e-con e-child\" data-id=\"47ae7ef\" data-element_type=\"container\" data-e-type=\"container\" data-settings=\"{&quot;sticky_logo_enable&quot;:&quot;no&quot;}\">\n\t\t\t\t<div class=\"elementor-element elementor-element-ef6cedc elementor-widget elementor-widget-image\" data-id=\"ef6cedc\" data-element_type=\"widget\" data-e-type=\"widget\" data-widget_type=\"image.default\">\n\t\t\t\t<div class=\"elementor-widget-container\">\n\t\t\t\t\t\t\t\t\t\t\t\t\t\t\t\t<a href=\"https:\/\/www.sagacify.com\/\" target=\"_blank\">\n\t\t\t\t\t\t\t<img loading=\"lazy\" decoding=\"async\" width=\"667\" height=\"165\" src=\"https:\/\/inputforyou.com\/wp-content\/uploads\/2024\/01\/saga.png\" class=\"attachment-neobiz-h-720x360 size-neobiz-h-720x360 wp-image-2901\" alt=\"\" srcset=\"https:\/\/inputforyou.com\/wp-content\/uploads\/2024\/01\/saga.png 667w, https:\/\/inputforyou.com\/wp-content\/uploads\/2024\/01\/saga-300x74.png 300w, https:\/\/inputforyou.com\/wp-content\/uploads\/2024\/01\/saga-18x4.png 18w\" sizes=\"(max-width: 667px) 100vw, 667px\" \/>\t\t\t\t\t\t\t\t<\/a>\n\t\t\t\t\t\t\t\t\t\t\t\t\t\t\t<\/div>\n\t\t\t\t<\/div>\n\t\t\t\t<\/div>\n\t\t<div class=\"elementor-element elementor-element-9c32619 e-con-full e-flex e-con e-child\" data-id=\"9c32619\" data-element_type=\"container\" data-e-type=\"container\" data-settings=\"{&quot;sticky_logo_enable&quot;:&quot;no&quot;}\">\n\t\t\t\t<div class=\"elementor-element elementor-element-85f238e elementor-widget elementor-widget-image\" data-id=\"85f238e\" data-element_type=\"widget\" data-e-type=\"widget\" data-widget_type=\"image.default\">\n\t\t\t\t<div class=\"elementor-widget-container\">\n\t\t\t\t\t\t\t\t\t\t\t\t\t\t\t\t<a href=\"https:\/\/www.ipexgroup.com\/nl\/\" target=\"_blank\">\n\t\t\t\t\t\t\t<img loading=\"lazy\" decoding=\"async\" width=\"138\" height=\"131\" src=\"https:\/\/inputforyou.com\/wp-content\/uploads\/2021\/06\/nrb.jpg\" class=\"attachment-neobiz-h-720x360 size-neobiz-h-720x360 wp-image-1760\" alt=\"\" \/>\t\t\t\t\t\t\t\t<\/a>\n\t\t\t\t\t\t\t\t\t\t\t\t\t\t\t<\/div>\n\t\t\t\t<\/div>\n\t\t\t\t<\/div>\n\t\t\t\t\t<\/div>\n\t\t\t\t<\/div>\n\t\t<div class=\"elementor-element elementor-element-5ecb740 e-flex e-con-boxed e-con e-parent\" data-id=\"5ecb740\" data-element_type=\"container\" data-e-type=\"container\" data-settings=\"{&quot;sticky_logo_enable&quot;:&quot;no&quot;}\">\n\t\t\t\t\t<div class=\"e-con-inner\">\n\t\t<div class=\"elementor-element elementor-element-b14df21 e-con-full e-flex e-con e-child\" data-id=\"b14df21\" data-element_type=\"container\" data-e-type=\"container\" data-settings=\"{&quot;sticky_logo_enable&quot;:&quot;no&quot;}\">\n\t\t\t\t<div class=\"elementor-element elementor-element-1bf8afe elementor-widget elementor-widget-image\" data-id=\"1bf8afe\" data-element_type=\"widget\" data-e-type=\"widget\" data-widget_type=\"image.default\">\n\t\t\t\t<div class=\"elementor-widget-container\">\n\t\t\t\t\t\t\t\t\t\t\t\t\t\t\t\t<a href=\"https:\/\/www.groupefoes.be\/\" target=\"_blank\">\n\t\t\t\t\t\t\t<img loading=\"lazy\" decoding=\"async\" width=\"138\" height=\"131\" src=\"https:\/\/inputforyou.com\/wp-content\/uploads\/2021\/06\/p13.jpg\" class=\"attachment-neobiz-h-720x360 size-neobiz-h-720x360 wp-image-1764\" alt=\"\" \/>\t\t\t\t\t\t\t\t<\/a>\n\t\t\t\t\t\t\t\t\t\t\t\t\t\t\t<\/div>\n\t\t\t\t<\/div>\n\t\t\t\t<\/div>\n\t\t<div class=\"elementor-element elementor-element-70f51db e-con-full e-flex e-con e-child\" data-id=\"70f51db\" data-element_type=\"container\" data-e-type=\"container\" data-settings=\"{&quot;sticky_logo_enable&quot;:&quot;no&quot;}\">\n\t\t\t\t<div class=\"elementor-element elementor-element-02aa1ed elementor-widget elementor-widget-image\" data-id=\"02aa1ed\" data-element_type=\"widget\" data-e-type=\"widget\" data-widget_type=\"image.default\">\n\t\t\t\t<div class=\"elementor-widget-container\">\n\t\t\t\t\t\t\t\t\t\t\t\t\t\t\t\t<a href=\"https:\/\/www.unifiedpost.be\/nl\" target=\"_blank\">\n\t\t\t\t\t\t\t<img loading=\"lazy\" decoding=\"async\" width=\"138\" height=\"131\" src=\"https:\/\/inputforyou.com\/wp-content\/uploads\/2021\/06\/p9.jpg\" class=\"attachment-neobiz-h-720x360 size-neobiz-h-720x360 wp-image-1771\" alt=\"\" \/>\t\t\t\t\t\t\t\t<\/a>\n\t\t\t\t\t\t\t\t\t\t\t\t\t\t\t<\/div>\n\t\t\t\t<\/div>\n\t\t\t\t<\/div>\n\t\t<div class=\"elementor-element elementor-element-a55127a e-con-full e-flex e-con e-child\" data-id=\"a55127a\" data-element_type=\"container\" data-e-type=\"container\" data-settings=\"{&quot;sticky_logo_enable&quot;:&quot;no&quot;}\">\n\t\t\t\t<div class=\"elementor-element elementor-element-c615e0c elementor-widget elementor-widget-image\" data-id=\"c615e0c\" data-element_type=\"widget\" data-e-type=\"widget\" data-widget_type=\"image.default\">\n\t\t\t\t<div class=\"elementor-widget-container\">\n\t\t\t\t\t\t\t\t\t\t\t\t\t\t\t\t<a href=\"https:\/\/www.ipexgroup.com\/nl\/\" target=\"_blank\">\n\t\t\t\t\t\t\t<img loading=\"lazy\" decoding=\"async\" width=\"138\" height=\"131\" src=\"https:\/\/inputforyou.com\/wp-content\/uploads\/2021\/06\/p11.jpg\" class=\"attachment-neobiz-h-720x360 size-neobiz-h-720x360 wp-image-1762\" alt=\"\" \/>\t\t\t\t\t\t\t\t<\/a>\n\t\t\t\t\t\t\t\t\t\t\t\t\t\t\t<\/div>\n\t\t\t\t<\/div>\n\t\t\t\t<\/div>\n\t\t\t\t\t<\/div>\n\t\t\t\t<\/div>\n\t\t\t\t\t<\/div>\n\t\t<\/div>\n\t\t\t\t\t<\/div>\n\t\t<\/section>\n\t\t\t\t<\/div>","protected":false},"excerpt":{"rendered":"<p>Partners Our partners work together with us to deliver digital value to our customers. Input For You works with partners both for DMS or ECM solutions and application integration. By combining our state of the art digitization and character recognition solutions with leading edge technology from our partners, we create a unique dematerialization ecosystem. Working [&hellip;]<\/p>\n","protected":false},"author":1,"featured_media":0,"parent":0,"menu_order":0,"comment_status":"closed","ping_status":"closed","template":"elementor_header_footer","meta":{"_monsterinsights_skip_tracking":false,"_monsterinsights_sitenote_active":false,"_monsterinsights_sitenote_note":"","_monsterinsights_sitenote_category":0,"footnotes":""},"class_list":["post-1588","page","type-page","status-publish","hentry"],"aioseo_notices":[],"_links":{"self":[{"href":"https:\/\/inputforyou.com\/es\/wp-json\/wp\/v2\/pages\/1588","targetHints":{"allow":["GET"]}}],"collection":[{"href":"https:\/\/inputforyou.com\/es\/wp-json\/wp\/v2\/pages"}],"about":[{"href":"https:\/\/inputforyou.com\/es\/wp-json\/wp\/v2\/types\/page"}],"author":[{"embeddable":true,"href":"https:\/\/inputforyou.com\/es\/wp-json\/wp\/v2\/users\/1"}],"replies":[{"embeddable":true,"href":"https:\/\/inputforyou.com\/es\/wp-json\/wp\/v2\/comments?post=1588"}],"version-history":[{"count":36,"href":"https:\/\/inputforyou.com\/es\/wp-json\/wp\/v2\/pages\/1588\/revisions"}],"predecessor-version":[{"id":4027,"href":"https:\/\/inputforyou.com\/es\/wp-json\/wp\/v2\/pages\/1588\/revisions\/4027"}],"wp:attachment":[{"href":"https:\/\/inputforyou.com\/es\/wp-json\/wp\/v2\/media?parent=1588"}],"curies":[{"name":"wp","href":"https:\/\/api.w.org\/{rel}","templated":true}]}}