{"id":3,"date":"2023-03-20T17:45:38","date_gmt":"2023-03-20T17:45:38","guid":{"rendered":"https:\/\/inputforyou.com\/?page_id=3"},"modified":"2025-10-02T12:27:24","modified_gmt":"2025-10-02T10:27:24","slug":"politica-de-privacidad","status":"publish","type":"page","link":"https:\/\/inputforyou.com\/es\/privacy-policy\/","title":{"rendered":"Pol\u00edtica de privacidad"},"content":{"rendered":"<h2>1.      Informaci\u00f3n legal y sobre privacidad<\/h2>\n<p>Si ha venido aqu\u00ed, significa que valora su intimidad. Lo entendemos perfectamente, por eso hemos preparado este documento para usted. Aqu\u00ed leer\u00e1s las normas para el tratamiento de datos personales y el uso de cookies en relaci\u00f3n con el uso del sitio web inputforyou.be.<\/p>\n<p>El administrador del sitio web es Input For You, Alfons Gossetlaan 32E\/102, 1702 Groot Bijgaarden, N\u00famero de Identificaci\u00f3n Fiscal: BE 0473.984.560 . Si tiene alguna pregunta sobre nuestra Pol\u00edtica de privacidad, recuerde que puede ponerse en contacto con nosotros en cualquier momento escribi\u00e9ndonos un correo electr\u00f3nico a info@inputforyou.be.<\/p>\n<h2>2.      Versi\u00f3n abreviada - Informaci\u00f3n clave<\/h2>\n<p>Nos preocupa su privacidad y valoramos su tiempo. Por eso hemos preparado una breve versi\u00f3n de las normas m\u00e1s importantes relacionadas con la protecci\u00f3n de la privacidad. Al suscribirse al bolet\u00edn o ponerse en contacto con nosotros, nos facilita informaci\u00f3n sobre usted que incluye sus datos personales. Le garantizamos que sus datos permanecer\u00e1n confidenciales, seguros y no se pondr\u00e1n a disposici\u00f3n de terceros sin su consentimiento expl\u00edcito.<\/p>\n<p>Utilizamos herramientas de Google Analytics que recopilan informaci\u00f3n an\u00f3nima sobre sus visitas al sitio web, como las subp\u00e1ginas que ha consultado, el tiempo que ha pasado en el sitio web o las transiciones entre subp\u00e1ginas individuales. Para ello, se utilizan cookies de Google LLC para el servicio Google Analytics.<\/p>\n<p>Utilizamos el sistema de correo MailChimp que implica el uso de cookies de Rocket Science Ltd para el servicio MailChimp.<\/p>\n<p>Utilizamos el sistema de comentarios Disqus que implica el uso de cookies de Disqus Inc.<\/p>\n<p>Utilizamos cookies propias para que pueda utilizar c\u00f3modamente el sitio y recibir asistencia.<\/p>\n<p>Si la informaci\u00f3n anterior no es suficiente para usted, encontrar\u00e1 m\u00e1s detalles a continuaci\u00f3n.<\/p>\n<h2>3.      3. Datos personales<\/h2>\n<p>El administrador de sus datos personales, de conformidad con el GDPR, es Input For You, Alfons Gossetlaan 32E\/102, 1702 Groot Bijgaarden, N\u00famero de Identificaci\u00f3n Fiscal: BE 0473.984.560 .<\/p>\n<p>Las finalidades, las bases jur\u00eddicas y el periodo especificado para el tratamiento de datos personales se describen por separado para cada finalidad del tratamiento de datos (v\u00e9anse las disposiciones siguientes para una descripci\u00f3n detallada de las diferentes finalidades del tratamiento de datos).<\/p>\n<p>Usted tiene los siguientes derechos en relaci\u00f3n con nuestro tratamiento de sus datos personales: derecho a solicitar el acceso a sus datos personales, as\u00ed como su rectificaci\u00f3n, supresi\u00f3n o limitaci\u00f3n del tratamiento, derecho a oponerse al tratamiento, derecho a la portabilidad de datos, derecho a retirar el consentimiento para el tratamiento de datos personales con una finalidad espec\u00edfica, si dicho consentimiento se ha dado previamente, derecho a presentar una reclamaci\u00f3n ante la autoridad de control en relaci\u00f3n con el tratamiento de datos personales.<\/p>\n<p>Los derechos antes mencionados pueden ejercerse de conformidad con las normas descritas en el art. 16 - 21 del GDPR, escribi\u00e9ndonos un correo electr\u00f3nico a la direcci\u00f3n info@inputforyou.be. Podemos negarnos a ejercer determinados derechos de los indicados anteriormente en una situaci\u00f3n en la que la aplicaci\u00f3n de un derecho determinado entre en conflicto con la finalidad leg\u00edtima de los datos que procesamos. El suministro de datos personales es siempre voluntario, pero necesario para suscribirse a un bolet\u00edn de noticias o ponerse en contacto con nosotros. Garantizamos la confidencialidad de los datos personales que se nos facilitan. Nos aseguramos de que se tomen todas las medidas de seguridad y protecci\u00f3n de datos personales exigidas por las disposiciones del GDPR. Los datos personales se recogen con la debida diligencia y se protegen adecuadamente contra el acceso de personas no autorizadas.<\/p>\n<p>Confiamos el tratamiento de los datos personales a las siguientes entidades: Expertmedia, Eekstuk 2 en 9030 Gante para almacenar los datos en el servidor, Rocket Science Group \/\/ 675 Ponce de Leon Ave NE, Suite 5000, Atlanta, GA 30308 - con el fin de utilizar el sistema de correo MailChimp.<\/p>\n<p>Todas las entidades encargadas del tratamiento de datos personales garantizan el uso de las medidas de seguridad adecuadas y la protecci\u00f3n de los datos personales exigida por la ley. En relaci\u00f3n con el uso del sistema MailChimp, los datos personales se transfieren a un tercer pa\u00eds (EE.UU.). Sin embargo, no se preocupe. El proveedor del sistema MailChimp est\u00e1 adherido al programa Privacy Shield, lo que significa que garantiza un nivel adecuado de protecci\u00f3n de los datos personales exigido por la normativa europea.<\/p>\n<h2>4.      Quejas.<\/h2>\n<p>Si presenta una reclamaci\u00f3n, nos facilita los datos contenidos en la misma. Procesamos estos datos para completar el procedimiento de reclamaci\u00f3n. En este caso, la base jur\u00eddica para el tratamiento de sus datos personales es el cumplimiento de nuestras obligaciones legales relacionadas con el procedimiento de reclamaci\u00f3n.<\/p>\n<h2>5.      Bolet\u00edn informativo.<\/h2>\n<p>Al suscribirse al bolet\u00edn, nos facilita sus datos personales, como su nombre y direcci\u00f3n de correo electr\u00f3nico. Tratamos estos datos para enviarle el bolet\u00edn. En este caso, la base jur\u00eddica para el tratamiento de sus datos personales es su consentimiento expresado mediante la selecci\u00f3n de una casilla de verificaci\u00f3n adecuada al suscribirse al bolet\u00edn. Los datos facilitados en el formulario de suscripci\u00f3n al bolet\u00edn se almacenar\u00e1n en la base de datos del sistema de correo mientras dure la actividad del sitio web, a menos que decida no recibir el bolet\u00edn, lo que dar\u00e1 lugar a la eliminaci\u00f3n de los datos de la base de datos.<\/p>\n<h2>6.      Contacto por correo electr\u00f3nico.<\/h2>\n<p>Al ponerse en contacto con nosotros por correo electr\u00f3nico, nos facilita su direcci\u00f3n de correo electr\u00f3nico, que se asociar\u00e1 al remitente. Adem\u00e1s, en el mensaje puede incluir otros datos personales. En este caso, la base jur\u00eddica para el tratamiento de los datos personales es su consentimiento resultante de iniciar el contacto con nosotros. Sus datos personales facilitados como parte de un correo electr\u00f3nico se procesan \u00fanicamente para responder a su consulta. El contenido de la correspondencia puede archivarse.<\/p>\n<h2>7.      Cookies y tecnolog\u00edas de seguimiento<\/h2>\n<p>Nuestro sitio web, como casi todos los dem\u00e1s, utiliza cookies para ofrecerle la mejor experiencia de navegaci\u00f3n. Las cookies son peque\u00f1os fragmentos de informaci\u00f3n de texto almacenados en su dispositivo final (ordenador, tableta, tel\u00e9fono inteligente) que pueden ser le\u00eddos por nuestro sistema TIC. Las cookies nos permiten: garantizar el funcionamiento correcto y esperado del sitio web, recordar su configuraci\u00f3n durante y entre las visitas al sitio, garantizar el correcto funcionamiento del proceso de soporte y ventas, mejorar la velocidad y la seguridad del sitio web, utilizar herramientas anal\u00edticas y utilizar herramientas de marketing. A continuaci\u00f3n encontrar\u00e1 m\u00e1s informaci\u00f3n al respecto.<\/p>\n<h2>8.      Aceptar cookies.<\/h2>\n<p>Cuando visita el sitio web por primera vez, se le muestra un mensaje sobre el uso de cookies. Aceptar y cerrar este mensaje significa que est\u00e1 de acuerdo con el uso de cookies de acuerdo con las disposiciones de esta pol\u00edtica de privacidad. Siempre puede retirar su consentimiento eliminando las cookies y cambiando la configuraci\u00f3n de las cookies en su navegador. Sin embargo, recuerde que desactivar las cookies puede causar dificultades en el uso de nuestro sitio web, as\u00ed como de muchos otros sitios web que utilizan cookies.<\/p>\n<h2>9.      Cookies de origen.<\/h2>\n<p>Existen dos tipos de cookies: cookies de origen y cookies de terceros. Utilizamos cookies propias con el fin de garantizar el correcto funcionamiento del sitio web, y para los siguientes fines: recordar su idioma, registrar la aceptaci\u00f3n de la Pol\u00edtica de Privacidad y Pol\u00edtica de cookies,.<\/p>\n<h2>10. Cookies de terceros.<\/h2>\n<p>Nuestro sitio web, como la mayor\u00eda de los sitios web actuales, utiliza funciones proporcionadas por terceros que implican el uso de cookies de terceros. A continuaci\u00f3n se describe el uso de este tipo de archivos.<\/p>\n<h2>11. An\u00e1lisis y estad\u00edsticas.<\/h2>\n<p>Utilizamos cookies para realizar un seguimiento de las estad\u00edsticas del sitio web, como el n\u00famero de visitantes, el tipo de sistema operativo y de navegador utilizado para navegar por el sitio web, el tiempo de permanencia en el sitio web, las subp\u00e1ginas visitadas, etc. Para ello utilizamos Google Analytics. En este sentido, la informaci\u00f3n recopilada es totalmente an\u00f3nima y no permite su identificaci\u00f3n. Para ello, se utilizan cookies de Google LLC para el servicio Google Analytics. El uso de los servicios de Google Analytics implica la implementaci\u00f3n del c\u00f3digo de seguimiento proporcionado por Google en el c\u00f3digo de nuestro sitio web Este c\u00f3digo se basa en cookies, pero tambi\u00e9n puede utilizar otras tecnolog\u00edas de seguimiento. Los detalles relacionados con el uso de la informaci\u00f3n recopilada por Google como parte de nuestro uso de Google Analytics como parte de nuestro sitio se pueden encontrar aqu\u00ed: https:\/\/www.google.com\/intl\/pl\/policies\/privacy\/partners\/.<\/p>\n<h2>12. Herramientas de marketing.<\/h2>\n<p>Utilizamos el sistema de correo MailChimp. En consecuencia, las cookies del Grupo Rocket Science se utilizan en relaci\u00f3n con el servicio MailChimp.<\/p>\n<p>Utilizamos el servicio de generaci\u00f3n de prospectos proporcionado por Leadinfo B.V., Rotterdam, Pa\u00edses Bajos, que reconoce las visitas de empresas a nuestro sitio web bas\u00e1ndose en las direcciones IP y nos muestra informaci\u00f3n relacionada disponible p\u00fablicamente, como nombres o direcciones de empresas. Adem\u00e1s, Leadinfo coloca dos cookies de origen para proporcionar transparencia sobre c\u00f3mo nuestros visitantes utilizan nuestro sitio web y la herramienta procesa dominios de entradas de formularios proporcionados (por ejemplo, \"leadinfo.com\") para correlacionar direcciones IP con empresas y mejorar sus servicios. Para m\u00e1s informaci\u00f3n, visite www.leadinfo.com. En esta p\u00e1gina: www.leadinfo.com\/en\/opt-out dispone de una opci\u00f3n de exclusi\u00f3n voluntaria. En caso de exclusi\u00f3n, Leadinfo dejar\u00e1 de utilizar sus datos.<\/p>\n<h2>13. Registros del servidor<\/h2>\n<p>El uso del sitio web implica el env\u00edo de consultas al servidor en el que est\u00e1 alojado el sitio web. Cada consulta enviada al servidor se almacena en los registros del servidor. Los registros incluyen la direcci\u00f3n IP del usuario, la fecha y hora del servidor, el navegador y la informaci\u00f3n del sistema operativo. Los registros se guardan y almacenan en el servidor. Los datos almacenados en los registros del servidor no est\u00e1n asociados a entidades espec\u00edficas que utilicen el Sitio Web y no son utilizados por el Administrador para identificar a ning\u00fan Usuario. Los registros del servidor se almacenan \u00fanicamente con fines de administraci\u00f3n del Sitio Web. Su contenido no se revela a ninguna otra entidad aparte de las personas autorizadas a administrar el servidor.<\/p>","protected":false},"excerpt":{"rendered":"<p>1.\u00a0\u00a0\u00a0\u00a0\u00a0 Legal &amp; privacy Information If you came here, it must mean that you value your privacy. We understand this perfectly, that\u2019s why we have prepared this document for you. Here you will read about the rules for processing personal data and the use of cookies in connection with the use of the inputforyou.be website. [&hellip;]<\/p>\n","protected":false},"author":1,"featured_media":0,"parent":0,"menu_order":0,"comment_status":"closed","ping_status":"closed","template":"fullwidth-template.php","meta":{"_monsterinsights_skip_tracking":false,"_monsterinsights_sitenote_active":false,"_monsterinsights_sitenote_note":"","_monsterinsights_sitenote_category":0,"footnotes":""},"class_list":["post-3","page","type-page","status-publish","hentry"],"aioseo_notices":[],"_links":{"self":[{"href":"https:\/\/inputforyou.com\/es\/wp-json\/wp\/v2\/pages\/3","targetHints":{"allow":["GET"]}}],"collection":[{"href":"https:\/\/inputforyou.com\/es\/wp-json\/wp\/v2\/pages"}],"about":[{"href":"https:\/\/inputforyou.com\/es\/wp-json\/wp\/v2\/types\/page"}],"author":[{"embeddable":true,"href":"https:\/\/inputforyou.com\/es\/wp-json\/wp\/v2\/users\/1"}],"replies":[{"embeddable":true,"href":"https:\/\/inputforyou.com\/es\/wp-json\/wp\/v2\/comments?post=3"}],"version-history":[{"count":1,"href":"https:\/\/inputforyou.com\/es\/wp-json\/wp\/v2\/pages\/3\/revisions"}],"predecessor-version":[{"id":4167,"href":"https:\/\/inputforyou.com\/es\/wp-json\/wp\/v2\/pages\/3\/revisions\/4167"}],"wp:attachment":[{"href":"https:\/\/inputforyou.com\/es\/wp-json\/wp\/v2\/media?parent=3"}],"curies":[{"name":"wp","href":"https:\/\/api.w.org\/{rel}","templated":true}]}}